{"id":18,"date":"2025-08-18T09:53:04","date_gmt":"2025-08-18T07:53:04","guid":{"rendered":"https:\/\/labs.100x100.net\/projects\/niu\/home\/"},"modified":"2025-09-19T10:27:56","modified_gmt":"2025-09-19T08:27:56","slug":"home","status":"publish","type":"page","link":"https:\/\/niuglories.com\/en\/","title":{"rendered":"Home"},"content":{"rendered":"","protected":false},"excerpt":{"rendered":"","protected":false},"author":1,"featured_media":24,"parent":0,"menu_order":0,"comment_status":"closed","ping_status":"closed","template":"page-home.php","meta":{"_acf_changed":false,"footnotes":""},"class_list":["post-18","page","type-page","status-publish","has-post-thumbnail","hentry"],"acf":[],"yoast_head":"<!-- This site is optimized with the Yoast SEO plugin v27.1.1 - https:\/\/yoast.com\/product\/yoast-seo-wordpress\/ -->\n<title>Niu Gl\u00f2ries Barcelona - Viviendas de obra nueva en Poblenou<\/title>\n<meta name=\"description\" content=\"Elige Niu Gl\u00f2ries Barcelona: un proyecto \u00fanico de viviendas en Poblenou-Gl\u00f2ries, donde tradici\u00f3n y futuro conviven cerca del Mediterr\u00e1neo.\" \/>\n<meta name=\"robots\" content=\"index, follow, max-snippet:-1, max-image-preview:large, max-video-preview:-1\" \/>\n<link rel=\"canonical\" href=\"https:\/\/niuglories.com\/en\/\" \/>\n<meta property=\"og:locale\" content=\"en_US\" \/>\n<meta property=\"og:type\" content=\"article\" \/>\n<meta property=\"og:title\" content=\"Niu Gl\u00f2ries Barcelona - Viviendas de obra nueva en Poblenou\" \/>\n<meta property=\"og:description\" content=\"Elige Niu Gl\u00f2ries Barcelona: un proyecto \u00fanico de viviendas en Poblenou-Gl\u00f2ries, donde tradici\u00f3n y futuro conviven cerca del Mediterr\u00e1neo.\" \/>\n<meta property=\"og:url\" content=\"https:\/\/niuglories.com\/en\/\" \/>\n<meta property=\"og:site_name\" content=\"NIU\" \/>\n<meta property=\"article:modified_time\" content=\"2025-09-19T08:27:56+00:00\" \/>\n<meta property=\"og:image\" content=\"https:\/\/hundreds-wordpress-uploads.s3.amazonaws.com\/niu\/uploads\/2025\/09\/Niu-Glories-Barcelona-1024x576.jpg\" \/>\n<meta name=\"twitter:card\" content=\"summary_large_image\" \/>\n<script type=\"application\/ld+json\" class=\"yoast-schema-graph\">{\"@context\":\"https:\/\/schema.org\",\"@graph\":[{\"@type\":\"WebPage\",\"@id\":\"https:\/\/niuglories.com\/en\/\",\"url\":\"https:\/\/niuglories.com\/en\/\",\"name\":\"Niu Gl\u00f2ries Barcelona - Viviendas de obra nueva en Poblenou\",\"isPartOf\":{\"@id\":\"https:\/\/niuglories.com\/en\/#website\"},\"primaryImageOfPage\":{\"@id\":\"https:\/\/niuglories.com\/en\/#primaryimage\"},\"image\":{\"@id\":\"https:\/\/niuglories.com\/en\/#primaryimage\"},\"thumbnailUrl\":\"https:\/\/hundreds-wordpress-uploads.s3.amazonaws.com\/niu\/uploads\/2025\/09\/Niu-Glories-Barcelona.jpg\",\"datePublished\":\"2025-08-18T07:53:04+00:00\",\"dateModified\":\"2025-09-19T08:27:56+00:00\",\"description\":\"Elige Niu Gl\u00f2ries Barcelona: un proyecto \u00fanico de viviendas en Poblenou-Gl\u00f2ries, donde tradici\u00f3n y futuro conviven cerca del Mediterr\u00e1neo.\",\"breadcrumb\":{\"@id\":\"https:\/\/niuglories.com\/en\/#breadcrumb\"},\"inLanguage\":\"en-US\",\"potentialAction\":[{\"@type\":\"ReadAction\",\"target\":[\"https:\/\/niuglories.com\/en\/\"]}]},{\"@type\":\"ImageObject\",\"inLanguage\":\"en-US\",\"@id\":\"https:\/\/niuglories.com\/en\/#primaryimage\",\"url\":\"https:\/\/hundreds-wordpress-uploads.s3.amazonaws.com\/niu\/uploads\/2025\/09\/Niu-Glories-Barcelona.jpg\",\"contentUrl\":\"https:\/\/hundreds-wordpress-uploads.s3.amazonaws.com\/niu\/uploads\/2025\/09\/Niu-Glories-Barcelona.jpg\",\"width\":1920,\"height\":1080,\"caption\":\"Niu Gl\u00f2ries Barcelona\"},{\"@type\":\"BreadcrumbList\",\"@id\":\"https:\/\/niuglories.com\/en\/#breadcrumb\",\"itemListElement\":[{\"@type\":\"ListItem\",\"position\":1,\"name\":\"Portada\",\"item\":\"https:\/\/niuglories.com\/en\/\"},{\"@type\":\"ListItem\",\"position\":2,\"name\":\"Home\"}]},{\"@type\":\"WebSite\",\"@id\":\"https:\/\/niuglories.com\/en\/#website\",\"url\":\"https:\/\/niuglories.com\/en\/\",\"name\":\"NIU\",\"description\":\"\",\"potentialAction\":[{\"@type\":\"SearchAction\",\"target\":{\"@type\":\"EntryPoint\",\"urlTemplate\":\"https:\/\/niuglories.com\/en\/?s={search_term_string}\"},\"query-input\":{\"@type\":\"PropertyValueSpecification\",\"valueRequired\":true,\"valueName\":\"search_term_string\"}}],\"inLanguage\":\"en-US\"}]}<\/script>\n<!-- \/ Yoast SEO plugin. -->","yoast_head_json":{"title":"Niu Gl\u00f2ries Barcelona - Viviendas de obra nueva en Poblenou","description":"Elige Niu Gl\u00f2ries Barcelona: un proyecto \u00fanico de viviendas en Poblenou-Gl\u00f2ries, donde tradici\u00f3n y futuro conviven cerca del Mediterr\u00e1neo.","robots":{"index":"index","follow":"follow","max-snippet":"max-snippet:-1","max-image-preview":"max-image-preview:large","max-video-preview":"max-video-preview:-1"},"canonical":"https:\/\/niuglories.com\/en\/","og_locale":"en_US","og_type":"article","og_title":"Niu Gl\u00f2ries Barcelona - Viviendas de obra nueva en Poblenou","og_description":"Elige Niu Gl\u00f2ries Barcelona: un proyecto \u00fanico de viviendas en Poblenou-Gl\u00f2ries, donde tradici\u00f3n y futuro conviven cerca del Mediterr\u00e1neo.","og_url":"https:\/\/niuglories.com\/en\/","og_site_name":"NIU","article_modified_time":"2025-09-19T08:27:56+00:00","og_image":[{"url":"https:\/\/hundreds-wordpress-uploads.s3.amazonaws.com\/niu\/uploads\/2025\/09\/Niu-Glories-Barcelona-1024x576.jpg","type":"","width":"","height":""}],"twitter_card":"summary_large_image","schema":{"@context":"https:\/\/schema.org","@graph":[{"@type":"WebPage","@id":"https:\/\/niuglories.com\/en\/","url":"https:\/\/niuglories.com\/en\/","name":"Niu Gl\u00f2ries Barcelona - Viviendas de obra nueva en Poblenou","isPartOf":{"@id":"https:\/\/niuglories.com\/en\/#website"},"primaryImageOfPage":{"@id":"https:\/\/niuglories.com\/en\/#primaryimage"},"image":{"@id":"https:\/\/niuglories.com\/en\/#primaryimage"},"thumbnailUrl":"https:\/\/hundreds-wordpress-uploads.s3.amazonaws.com\/niu\/uploads\/2025\/09\/Niu-Glories-Barcelona.jpg","datePublished":"2025-08-18T07:53:04+00:00","dateModified":"2025-09-19T08:27:56+00:00","description":"Elige Niu Gl\u00f2ries Barcelona: un proyecto \u00fanico de viviendas en Poblenou-Gl\u00f2ries, donde tradici\u00f3n y futuro conviven cerca del Mediterr\u00e1neo.","breadcrumb":{"@id":"https:\/\/niuglories.com\/en\/#breadcrumb"},"inLanguage":"en-US","potentialAction":[{"@type":"ReadAction","target":["https:\/\/niuglories.com\/en\/"]}]},{"@type":"ImageObject","inLanguage":"en-US","@id":"https:\/\/niuglories.com\/en\/#primaryimage","url":"https:\/\/hundreds-wordpress-uploads.s3.amazonaws.com\/niu\/uploads\/2025\/09\/Niu-Glories-Barcelona.jpg","contentUrl":"https:\/\/hundreds-wordpress-uploads.s3.amazonaws.com\/niu\/uploads\/2025\/09\/Niu-Glories-Barcelona.jpg","width":1920,"height":1080,"caption":"Niu Gl\u00f2ries Barcelona"},{"@type":"BreadcrumbList","@id":"https:\/\/niuglories.com\/en\/#breadcrumb","itemListElement":[{"@type":"ListItem","position":1,"name":"Portada","item":"https:\/\/niuglories.com\/en\/"},{"@type":"ListItem","position":2,"name":"Home"}]},{"@type":"WebSite","@id":"https:\/\/niuglories.com\/en\/#website","url":"https:\/\/niuglories.com\/en\/","name":"NIU","description":"","potentialAction":[{"@type":"SearchAction","target":{"@type":"EntryPoint","urlTemplate":"https:\/\/niuglories.com\/en\/?s={search_term_string}"},"query-input":{"@type":"PropertyValueSpecification","valueRequired":true,"valueName":"search_term_string"}}],"inLanguage":"en-US"}]}},"_links":{"self":[{"href":"https:\/\/niuglories.com\/en\/wp-json\/wp\/v2\/pages\/18","targetHints":{"allow":["GET"]}}],"collection":[{"href":"https:\/\/niuglories.com\/en\/wp-json\/wp\/v2\/pages"}],"about":[{"href":"https:\/\/niuglories.com\/en\/wp-json\/wp\/v2\/types\/page"}],"author":[{"embeddable":true,"href":"https:\/\/niuglories.com\/en\/wp-json\/wp\/v2\/users\/1"}],"replies":[{"embeddable":true,"href":"https:\/\/niuglories.com\/en\/wp-json\/wp\/v2\/comments?post=18"}],"version-history":[{"count":1,"href":"https:\/\/niuglories.com\/en\/wp-json\/wp\/v2\/pages\/18\/revisions"}],"predecessor-version":[{"id":25,"href":"https:\/\/niuglories.com\/en\/wp-json\/wp\/v2\/pages\/18\/revisions\/25"}],"wp:featuredmedia":[{"embeddable":true,"href":"https:\/\/niuglories.com\/en\/wp-json\/wp\/v2\/media\/24"}],"wp:attachment":[{"href":"https:\/\/niuglories.com\/en\/wp-json\/wp\/v2\/media?parent=18"}],"curies":[{"name":"wp","href":"https:\/\/api.w.org\/{rel}","templated":true}]}}